{"id":2175,"date":"2025-07-27T09:42:32","date_gmt":"2025-07-27T07:42:32","guid":{"rendered":"https:\/\/magdanowak.pl\/?page_id=2175"},"modified":"2025-07-27T09:46:18","modified_gmt":"2025-07-27T07:46:18","slug":"kontakt","status":"publish","type":"page","link":"https:\/\/magdanowak.pl\/index.php\/kontakt\/","title":{"rendered":"Kontakt"},"content":{"rendered":"\t\t<div data-elementor-type=\"wp-page\" data-elementor-id=\"2175\" class=\"elementor elementor-2175\" data-elementor-post-type=\"page\">\n\t\t\t\t<div class=\"elementor-element elementor-element-5d83a1d e-con-full e-flex e-con e-parent\" data-id=\"5d83a1d\" data-element_type=\"container\">\n\t\t\t\t<div class=\"elementor-element elementor-element-360ffbf elementor-invisible elementor-widget elementor-widget-image\" data-id=\"360ffbf\" data-element_type=\"widget\" data-settings=\"{&quot;_animation&quot;:&quot;slideInUp&quot;}\" data-widget_type=\"image.default\">\n\t\t\t\t<div class=\"elementor-widget-container\">\n\t\t\t\t\t\t\t\t\t\t\t\t\t\t\t<img fetchpriority=\"high\" decoding=\"async\" width=\"1024\" height=\"248\" src=\"https:\/\/magdanowak.pl\/wp-content\/uploads\/2025\/05\/logo_strona-1024x248.png\" class=\"attachment-large size-large wp-image-1480\" alt=\"\" srcset=\"https:\/\/magdanowak.pl\/wp-content\/uploads\/2025\/05\/logo_strona-1024x248.png 1024w, https:\/\/magdanowak.pl\/wp-content\/uploads\/2025\/05\/logo_strona-300x73.png 300w, https:\/\/magdanowak.pl\/wp-content\/uploads\/2025\/05\/logo_strona-768x186.png 768w, https:\/\/magdanowak.pl\/wp-content\/uploads\/2025\/05\/logo_strona-1536x371.png 1536w, https:\/\/magdanowak.pl\/wp-content\/uploads\/2025\/05\/logo_strona-2048x495.png 2048w, https:\/\/magdanowak.pl\/wp-content\/uploads\/2025\/05\/logo_strona-753x182.png 753w\" sizes=\"(max-width: 1024px) 100vw, 1024px\" \/>\t\t\t\t\t\t\t\t\t\t\t\t\t\t\t<\/div>\n\t\t\t\t<\/div>\n\t\t\t\t<\/div>\n\t\t<div class=\"elementor-element elementor-element-55f305b e-con-full e-flex e-con e-parent\" data-id=\"55f305b\" data-element_type=\"container\">\n\t\t\t\t<div class=\"elementor-element elementor-element-b700505 elementor-invisible elementor-widget elementor-widget-homecta\" data-id=\"b700505\" data-element_type=\"widget\" id=\"kontakt\" data-settings=\"{&quot;_animation&quot;:&quot;slideInRight&quot;}\" data-widget_type=\"homecta.default\">\n\t\t\t\t<div class=\"elementor-widget-container\">\n\t\t\t\t\t\n<!-- ===== CTA Start ===== -->\n<section class=\"cta-sec\">\n        <div class=\"section-header2\">\n        <h3 class=\"title\">\n            <span>Kontakt<\/span>\n            <span><\/span>\n        <\/h3>\n\n                <a         href=\"tel:+48502700785\" class=\"theme-btn\">+48 502 700 785<\/a>\n            <\/div>\n    \n    <div class=\"cta-content about-bottom-content-wrap\">\n                <div class=\"about-bottom-content\">\n                        <div>\n                <p><\/p>\n            <\/div>\n                        <ul class=\"social-links\">\n                                                <li>\n                                        <a  target=\"_blank\"                     href=\"https:\/\/www.facebook.com\/magdanowak.impresariat\" >FACEBOOK \n                        <i class=\"las la-arrow-up\"><\/i>\n                    <\/a>\n                                    <\/li>\n                                                                <li>\n                                        <a  target=\"_blank\"                     href=\"\" >biuro@magdanowak.pl \n                        <i class=\"\"><\/i>\n                    <\/a>\n                                    <\/li>\n                                            <\/ul>\n        <\/div>\n    <\/div>\n<\/section>\n<!-- ===== CTA End ===== -->\n\n\n    \t\t\t\t<\/div>\n\t\t\t\t<\/div>\n\t\t\t\t<div class=\"elementor-element elementor-element-89dfb65 elementor-invisible elementor-widget elementor-widget-contactcontactform\" data-id=\"89dfb65\" data-element_type=\"widget\" data-settings=\"{&quot;_animation&quot;:&quot;slideInLeft&quot;,&quot;_animation_delay&quot;:60}\" data-widget_type=\"contactcontactform.default\">\n\t\t\t\t<div class=\"elementor-widget-container\">\n\t\t\t\t\t\n<!-- ===== Contact Start ===== -->\n<section class=\"contact-sec\">\n    <div class=\"contact-form-wrap\">\n                <div class=\"contact-header\">\n            <h2>NAPISZ DO MNIE<\/h2>\n            <p>Skontaktuj si\u0119 ze mn\u0105, aby om\u00f3wi\u0107 Twoje potrzeby i pomys\u0142y na wydarzenie.<\/p>\n        <\/div>\n                        <div class=\"contact-form\">\n            <h4><\/h4>\n            <div id=\"ajax-form\">\n                \n<div class=\"wpcf7 no-js\" id=\"wpcf7-f674-o1\" lang=\"en-US\" dir=\"ltr\" data-wpcf7-id=\"674\">\n<div class=\"screen-reader-response\"><p role=\"status\" aria-live=\"polite\" aria-atomic=\"true\"><\/p> <ul><\/ul><\/div>\n<form action=\"\/index.php\/wp-json\/wp\/v2\/pages\/2175#wpcf7-f674-o1\" method=\"post\" class=\"wpcf7-form init\" aria-label=\"Contact form\" novalidate=\"novalidate\" data-status=\"init\">\n<fieldset class=\"hidden-fields-container\"><input type=\"hidden\" name=\"_wpcf7\" value=\"674\" \/><input type=\"hidden\" name=\"_wpcf7_version\" value=\"6.1\" \/><input type=\"hidden\" name=\"_wpcf7_locale\" value=\"en_US\" \/><input type=\"hidden\" name=\"_wpcf7_unit_tag\" value=\"wpcf7-f674-o1\" \/><input type=\"hidden\" name=\"_wpcf7_container_post\" value=\"0\" \/><input type=\"hidden\" name=\"_wpcf7_posted_data_hash\" value=\"\" \/>\n<\/fieldset>\n<div class=\"input-group\">\n\t<p><span class=\"wpcf7-form-control-wrap\" data-name=\"your-name\"><input size=\"40\" maxlength=\"400\" class=\"wpcf7-form-control wpcf7-text wpcf7-validates-as-required\" id=\"name\" aria-required=\"true\" aria-invalid=\"false\" placeholder=\"Imi\u0119 i Nazwisko\" value=\"\" type=\"text\" name=\"your-name\" \/><\/span>\n\t<\/p>\n<\/div>\n<div class=\"input-group\">\n\t<p><span class=\"wpcf7-form-control-wrap\" data-name=\"email\"><input size=\"40\" maxlength=\"400\" class=\"wpcf7-form-control wpcf7-email wpcf7-validates-as-required wpcf7-text wpcf7-validates-as-email\" id=\"email\" aria-required=\"true\" aria-invalid=\"false\" placeholder=\"Email\" value=\"\" type=\"email\" name=\"email\" \/><\/span>\n\t<\/p>\n<\/div>\n<div class=\"input-group\">\n\t<p><span class=\"wpcf7-form-control-wrap\" data-name=\"message\"><textarea cols=\"40\" rows=\"10\" maxlength=\"2000\" class=\"wpcf7-form-control wpcf7-textarea wpcf7-validates-as-required\" id=\"message\" aria-required=\"true\" aria-invalid=\"false\" placeholder=\"Wiadomo\u015b\u0107\" name=\"message\"><\/textarea><\/span>\n\t<\/p>\n<\/div>\n<div class=\"input-group mb-0\">\n\t<p><button class=\"theme-btn2\">Wy\u015blij wiadomo\u015b\u0107<\/button>\n\t<\/p>\n<\/div>\n<p id=\"result\">\n<\/p><div class=\"wpcf7-response-output\" aria-hidden=\"true\"><\/div>\n<\/form>\n<\/div>\n            <\/div>\n        <\/div>\n            <\/div>\n        <div class=\"contact-img\">\n        <img decoding=\"async\" src=\"https:\/\/magdanowak.pl\/wp-content\/uploads\/2025\/06\/kontakt.jpg\" alt=\"\">\n    <\/div>\n    <\/section>\n<!-- ===== Contact End ===== -->\n\n\n    \t\t\t\t<\/div>\n\t\t\t\t<\/div>\n\t\t\t\t<\/div>\n\t\t\t\t<\/div>\n\t\t","protected":false},"excerpt":{"rendered":"<p>Kontakt +48 502 700 785 FACEBOOK biuro@magdanowak.pl NAPISZ DO MNIE Skontaktuj si\u0119 ze mn\u0105, aby om\u00f3wi\u0107 Twoje potrzeby i pomys\u0142y na wydarzenie. Wy\u015blij wiadomo\u015b\u0107<\/p>\n","protected":false},"author":1,"featured_media":0,"parent":0,"menu_order":0,"comment_status":"closed","ping_status":"closed","template":"page-templates\/home-light.php","meta":{"footnotes":""},"class_list":["post-2175","page","type-page","status-publish","hentry"],"_links":{"self":[{"href":"https:\/\/magdanowak.pl\/index.php\/wp-json\/wp\/v2\/pages\/2175","targetHints":{"allow":["GET"]}}],"collection":[{"href":"https:\/\/magdanowak.pl\/index.php\/wp-json\/wp\/v2\/pages"}],"about":[{"href":"https:\/\/magdanowak.pl\/index.php\/wp-json\/wp\/v2\/types\/page"}],"author":[{"embeddable":true,"href":"https:\/\/magdanowak.pl\/index.php\/wp-json\/wp\/v2\/users\/1"}],"replies":[{"embeddable":true,"href":"https:\/\/magdanowak.pl\/index.php\/wp-json\/wp\/v2\/comments?post=2175"}],"version-history":[{"count":4,"href":"https:\/\/magdanowak.pl\/index.php\/wp-json\/wp\/v2\/pages\/2175\/revisions"}],"predecessor-version":[{"id":2179,"href":"https:\/\/magdanowak.pl\/index.php\/wp-json\/wp\/v2\/pages\/2175\/revisions\/2179"}],"wp:attachment":[{"href":"https:\/\/magdanowak.pl\/index.php\/wp-json\/wp\/v2\/media?parent=2175"}],"curies":[{"name":"wp","href":"https:\/\/api.w.org\/{rel}","templated":true}]}}