{"id":954,"date":"2024-05-19T10:24:13","date_gmt":"2024-05-19T10:24:13","guid":{"rendered":"https:\/\/wpriverthemes.com\/bronx\/?page_id=954"},"modified":"2025-07-27T09:24:22","modified_gmt":"2025-07-27T07:24:22","slug":"omnie","status":"publish","type":"page","link":"https:\/\/magdanowak.pl\/index.php\/omnie\/","title":{"rendered":"O mnie"},"content":{"rendered":"\t\t<div data-elementor-type=\"wp-page\" data-elementor-id=\"954\" class=\"elementor elementor-954\" data-elementor-post-type=\"page\">\n\t\t\t\t<div class=\"elementor-element elementor-element-5d83a1d e-con-full e-flex e-con e-parent\" data-id=\"5d83a1d\" data-element_type=\"container\">\n\t\t\t\t<div class=\"elementor-element elementor-element-360ffbf elementor-invisible elementor-widget elementor-widget-image\" data-id=\"360ffbf\" data-element_type=\"widget\" data-settings=\"{&quot;_animation&quot;:&quot;slideInUp&quot;}\" data-widget_type=\"image.default\">\n\t\t\t\t<div class=\"elementor-widget-container\">\n\t\t\t\t\t\t\t\t\t\t\t\t\t\t\t<img fetchpriority=\"high\" decoding=\"async\" width=\"1024\" height=\"248\" src=\"https:\/\/magdanowak.pl\/wp-content\/uploads\/2025\/05\/logo_strona-1024x248.png\" class=\"attachment-large size-large wp-image-1480\" alt=\"\" srcset=\"https:\/\/magdanowak.pl\/wp-content\/uploads\/2025\/05\/logo_strona-1024x248.png 1024w, https:\/\/magdanowak.pl\/wp-content\/uploads\/2025\/05\/logo_strona-300x73.png 300w, https:\/\/magdanowak.pl\/wp-content\/uploads\/2025\/05\/logo_strona-768x186.png 768w, https:\/\/magdanowak.pl\/wp-content\/uploads\/2025\/05\/logo_strona-1536x371.png 1536w, https:\/\/magdanowak.pl\/wp-content\/uploads\/2025\/05\/logo_strona-2048x495.png 2048w, https:\/\/magdanowak.pl\/wp-content\/uploads\/2025\/05\/logo_strona-753x182.png 753w\" sizes=\"(max-width: 1024px) 100vw, 1024px\" \/>\t\t\t\t\t\t\t\t\t\t\t\t\t\t\t<\/div>\n\t\t\t\t<\/div>\n\t\t\t\t<div class=\"elementor-element elementor-element-5d13d67 elementor-hidden-tablet elementor-hidden-mobile elementor-widget elementor-widget-homehero\" data-id=\"5d13d67\" data-element_type=\"widget\" data-widget_type=\"homehero.default\">\n\t\t\t\t<div class=\"elementor-widget-container\">\n\t\t\t\t\t\n<!-- ===== Hero Section Start ===== -->\n<section class=\"hero-sec hero\">\n    \n        <div class=\"hero-footer-wrap scroll-from-bottom\">\n        <p><\/p>\n        <div class=\"hero-footer-right\">\n            <a             href=\"#kontakt\" class=\"link-with-line\">event manager artyst\u00f3w <\/a>\n            <p>+ realizacja program\u00f3w estradowych<\/p>\n        <\/div>\n    <\/div>\n    \n<\/section>\n<!-- ===== Hero Section End ===== -->\n\n\n    \t\t\t\t<\/div>\n\t\t\t\t<\/div>\n\t\t\t\t<\/div>\n\t\t<div class=\"elementor-element elementor-element-338fdf5 e-con-full e-flex e-con e-parent\" data-id=\"338fdf5\" data-element_type=\"container\">\n\t\t\t\t<div class=\"elementor-element elementor-element-15d98a8 elementor-widget elementor-widget-homeimage\" data-id=\"15d98a8\" data-element_type=\"widget\" data-widget_type=\"homeimage.default\">\n\t\t\t\t<div class=\"elementor-widget-container\">\n\t\t\t\t\t\n<!-- ===== Full Image Start ===== -->\n<div class=\"full-image-sec pt-30\">\n    <div class=\"full-image-box\">\n        <img decoding=\"async\" class=\"scaleDown\" src=\"https:\/\/magdanowak.pl\/wp-content\/uploads\/2025\/06\/hero.jpg\" alt=\"\">\n    <\/div>\n<\/div>\n<!-- ===== Full Image End ===== -->\n\n\n    \t\t\t\t<\/div>\n\t\t\t\t<\/div>\n\t\t\t\t<\/div>\n\t\t<div class=\"elementor-element elementor-element-265d38b e-con-full e-flex e-con e-parent\" data-id=\"265d38b\" data-element_type=\"container\">\n\t\t\t\t<div class=\"elementor-element elementor-element-581a918 elementor-widget__width-inherit omnie elementor-widget elementor-widget-homeabout\" data-id=\"581a918\" data-element_type=\"widget\" id=\"omnie\" data-widget_type=\"homeabout.default\">\n\t\t\t\t<div class=\"elementor-widget-container\">\n\t\t\t\t\t\n<!-- ===== About Start ===== -->\n<section class=\"about-sec\">\n        <div class=\"section-header2\">\n        <h3 class=\"title sticky-statement2\">\n            <span class=\"transform-anim\"><span class=\"timeline-anim scroll-animation\" data-animation=\"slide-up\"><\/span><\/span>\n            <span class=\"transform-anim\"><span class=\"timeline-anim scroll-animation\" data-animation=\"slide-up\"><\/span><\/span>\n        <\/h3>\n    <\/div>\n    \n    <div class=\"about-bottom-content-wrap\">\n        \n                <div class=\"about-bottom-content\">\n            <div>\n                <h4>Nazywam si\u0119 Magdalena Nowak, <br>pracuj\u0119 jako event manager artyst\u00f3w oraz tworz\u0119 i realizuj\u0119 programy estradowe <br>dla event marketingu.<\/h4>\n            <\/div>\n            <p><br>\nZrealizowa\u0142am setki projekt\u00f3w z udzia\u0142em gwiazd polskiej sceny i estrady, osobisto\u015bci \u015bwiata kultury, sportu i biznesu.\nJestem absolwentk\u0105 Wy\u017cszej Szko\u0142y Nauk Humanistycznych i Dziennikarstwa w Poznaniu oraz Podyplomowych Studi\u00f3w Mened\u017cerskich \u2013 Zarz\u0105dzanie dla tw\u00f3rc\u00f3w, artyst\u00f3w i animator\u00f3w kultury na Uniwersytecie Warszawskim.<\/p>\n            <!-- <p class=\"responsive-mode\">I'm on the edge of no-code tools that allow me to bring my creativity to life.<\/p> -->\n\n                    <\/div>\n            <\/div>\n<\/section>\n<!-- ===== About End ===== -->\n\n\n    \t\t\t\t<\/div>\n\t\t\t\t<\/div>\n\t\t\t\t<\/div>\n\t\t\t\t<\/div>\n\t\t","protected":false},"excerpt":{"rendered":"<p>event manager artyst\u00f3w + realizacja program\u00f3w estradowych Nazywam si\u0119 Magdalena Nowak, pracuj\u0119 jako event manager artyst\u00f3w oraz tworz\u0119 i realizuj\u0119 programy estradowe dla event marketingu. Zrealizowa\u0142am setki projekt\u00f3w z udzia\u0142em gwiazd polskiej sceny i estrady, osobisto\u015bci \u015bwiata kultury, sportu i biznesu. Jestem absolwentk\u0105 Wy\u017cszej Szko\u0142y Nauk Humanistycznych i Dziennikarstwa w Poznaniu oraz Podyplomowych Studi\u00f3w Mened\u017cerskich [&hellip;]<\/p>\n","protected":false},"author":1,"featured_media":0,"parent":0,"menu_order":0,"comment_status":"closed","ping_status":"closed","template":"page-templates\/home-light.php","meta":{"footnotes":""},"class_list":["post-954","page","type-page","status-publish","hentry"],"_links":{"self":[{"href":"https:\/\/magdanowak.pl\/index.php\/wp-json\/wp\/v2\/pages\/954","targetHints":{"allow":["GET"]}}],"collection":[{"href":"https:\/\/magdanowak.pl\/index.php\/wp-json\/wp\/v2\/pages"}],"about":[{"href":"https:\/\/magdanowak.pl\/index.php\/wp-json\/wp\/v2\/types\/page"}],"author":[{"embeddable":true,"href":"https:\/\/magdanowak.pl\/index.php\/wp-json\/wp\/v2\/users\/1"}],"replies":[{"embeddable":true,"href":"https:\/\/magdanowak.pl\/index.php\/wp-json\/wp\/v2\/comments?post=954"}],"version-history":[{"count":274,"href":"https:\/\/magdanowak.pl\/index.php\/wp-json\/wp\/v2\/pages\/954\/revisions"}],"predecessor-version":[{"id":2160,"href":"https:\/\/magdanowak.pl\/index.php\/wp-json\/wp\/v2\/pages\/954\/revisions\/2160"}],"wp:attachment":[{"href":"https:\/\/magdanowak.pl\/index.php\/wp-json\/wp\/v2\/media?parent=954"}],"curies":[{"name":"wp","href":"https:\/\/api.w.org\/{rel}","templated":true}]}}